{"id":11211,"date":"2017-05-24T14:07:40","date_gmt":"2017-05-24T14:07:40","guid":{"rendered":"http:\/\/www.kvke.hu\/?page_id=11211"},"modified":"2025-10-02T09:22:35","modified_gmt":"2025-10-02T09:22:35","slug":"palyazati-felhivasok","status":"publish","type":"page","link":"https:\/\/www.kvke.hu\/?page_id=11211","title":{"rendered":"P\u00e1ly\u00e1zati felh\u00edv\u00e1sok 2023-2027"},"content":{"rendered":"<p>A Kopp\u00e1nyv\u00f6lgyi Vid\u00e9kfejleszt\u00e9si K\u00f6zhaszn\u00fa Egyes\u00fclet tervez\u00e9si ter\u00fclet\u00e9n, a 2023-2027 k\u00f6z\u00f6tti id\u0151szakban megjelent LEADER helyi felh\u00edv\u00e1sok az al\u00e1bbi linken \u00e9rhet\u0151ek el:<\/p>\n<p><a href=\"https:\/\/e-kerelem.mvh.allamkincstar.gov.hu\/enter\/kapbongeszo\/kapBongeszo.xhtml\">https:\/\/e-kerelem.mvh.allamkincstar.gov.hu\/enter\/kapbongeszo\/kapBongeszo.xhtml<\/a><\/p>\n<p><img loading=\"lazy\" decoding=\"async\" class=\"alignnone  wp-image-12138\" src=\"http:\/\/www.kvke.hu\/wp-content\/uploads\/kap-logo.png-300x140.png\" alt=\"\" width=\"201\" height=\"94\" \/>\u00a0 \u00a0 \u00a0 \u00a0 <img loading=\"lazy\" decoding=\"async\" class=\"alignnone size-medium wp-image-12139\" src=\"http:\/\/www.kvke.hu\/wp-content\/uploads\/LEADER_hu_logo.png-300x115.png\" alt=\"\" width=\"300\" height=\"115\" srcset=\"https:\/\/www.kvke.hu\/wp-content\/uploads\/LEADER_hu_logo.png-300x115.png 300w, https:\/\/www.kvke.hu\/wp-content\/uploads\/LEADER_hu_logo.png-1024x391.png 1024w, https:\/\/www.kvke.hu\/wp-content\/uploads\/LEADER_hu_logo.png-768x293.png 768w, https:\/\/www.kvke.hu\/wp-content\/uploads\/LEADER_hu_logo.png-1536x586.png 1536w, https:\/\/www.kvke.hu\/wp-content\/uploads\/LEADER_hu_logo.png-2048x782.png 2048w\" sizes=\"auto, (max-width: 300px) 100vw, 300px\" \/><\/p>\n<p>A LEADER helyi felh\u00edv\u00e1sokkal kapcsolatban tov\u00e1bbi t\u00e1j\u00e9koztat\u00e1s k\u00e9rhet\u0151 az al\u00e1bbi el\u00e9rhet\u0151s\u00e9geken:<\/p>\n<p><strong>Szem\u00e9lyesen:<\/strong> 7285 T\u00f6r\u00f6kkopp\u00e1ny, Kossuth L. u. 66.<\/p>\n<p><strong>Tel.\/Fax:<\/strong> 84-377-542<\/p>\n<p><strong>Mobil:<\/strong> 20\/568-3389<\/p>\n","protected":false},"excerpt":{"rendered":"<p>A Kopp\u00e1nyv\u00f6lgyi Vid\u00e9kfejleszt\u00e9si K\u00f6zhaszn\u00fa Egyes\u00fclet tervez\u00e9si ter\u00fclet\u00e9n, a 2023-2027 k\u00f6z\u00f6tti id\u0151szakban megjelent LEADER helyi felh\u00edv\u00e1sok az al\u00e1bbi linken \u00e9rhet\u0151ek el: https:\/\/e-kerelem.mvh.allamkincstar.gov.hu\/enter\/kapbongeszo\/kapBongeszo.xhtml \u00a0 \u00a0 \u00a0 \u00a0 A LEADER helyi felh\u00edv\u00e1sokkal kapcsolatban tov\u00e1bbi t\u00e1j\u00e9koztat\u00e1s k\u00e9rhet\u0151 az al\u00e1bbi el\u00e9rhet\u0151s\u00e9geken: Szem\u00e9lyesen: 7285 T\u00f6r\u00f6kkopp\u00e1ny, Kossuth L. u. 66. Tel.\/Fax: 84-377-542 Mobil: 20\/568-3389<\/p>\n","protected":false},"author":1,"featured_media":0,"parent":0,"menu_order":0,"comment_status":"closed","ping_status":"closed","template":"template_leftnav_sidebar.php","meta":{"footnotes":""},"class_list":["post-11211","page","type-page","status-publish","hentry"],"_links":{"self":[{"href":"https:\/\/www.kvke.hu\/index.php?rest_route=\/wp\/v2\/pages\/11211","targetHints":{"allow":["GET"]}}],"collection":[{"href":"https:\/\/www.kvke.hu\/index.php?rest_route=\/wp\/v2\/pages"}],"about":[{"href":"https:\/\/www.kvke.hu\/index.php?rest_route=\/wp\/v2\/types\/page"}],"author":[{"embeddable":true,"href":"https:\/\/www.kvke.hu\/index.php?rest_route=\/wp\/v2\/users\/1"}],"replies":[{"embeddable":true,"href":"https:\/\/www.kvke.hu\/index.php?rest_route=%2Fwp%2Fv2%2Fcomments&post=11211"}],"version-history":[{"count":5,"href":"https:\/\/www.kvke.hu\/index.php?rest_route=\/wp\/v2\/pages\/11211\/revisions"}],"predecessor-version":[{"id":12158,"href":"https:\/\/www.kvke.hu\/index.php?rest_route=\/wp\/v2\/pages\/11211\/revisions\/12158"}],"wp:attachment":[{"href":"https:\/\/www.kvke.hu\/index.php?rest_route=%2Fwp%2Fv2%2Fmedia&parent=11211"}],"curies":[{"name":"wp","href":"https:\/\/api.w.org\/{rel}","templated":true}]}}