{"id":11205,"date":"2017-05-24T14:05:59","date_gmt":"2017-05-24T14:05:59","guid":{"rendered":"http:\/\/www.kvke.hu\/?page_id=11205"},"modified":"2025-07-28T09:56:06","modified_gmt":"2025-07-28T09:56:06","slug":"egyesulet-tevekenysegehez-kapcsolodo-dokumentumok","status":"publish","type":"page","link":"https:\/\/www.kvke.hu\/?page_id=11205","title":{"rendered":"Egyes\u00fclet tev\u00e9kenys\u00e9g\u00e9hez kapcsol\u00f3d\u00f3 dokumentumok"},"content":{"rendered":"<p><a href=\"http:\/\/www.kvke.hu\/wp-content\/uploads\/KVKE_besz\u00e1mol\u00f32015.pdf\">KVKE besz\u00e1mol\u00f3 2015<\/a><\/p>\n<p><a href=\"http:\/\/www.kvke.hu\/wp-content\/uploads\/KVKE_besz\u00e1mol\u00f32016.pdf\">KVKE besz\u00e1mol\u00f3 2016<\/a><\/p>\n<p><a href=\"http:\/\/www.kvke.hu\/wp-content\/uploads\/KVKE_besz\u00e1mol\u00f32017.pdf\">KVKE besz\u00e1mol\u00f3 2017<\/a><\/p>\n<p><a href=\"http:\/\/www.kvke.hu\/wp-content\/uploads\/KVKE_besz\u00e1mol\u00f32018.pdf\">KVKE besz\u00e1mol\u00f3 2018<\/a><\/p>\n<p><a href=\"http:\/\/www.kvke.hu\/wp-content\/uploads\/KVKE_besz\u00e1mol\u00f32019.pdf\">KVKE besz\u00e1mol\u00f3 2019<\/a><\/p>\n<p><a href=\"http:\/\/www.kvke.hu\/wp-content\/uploads\/KVKE_besz\u00e1mol\u00f32020.pdf\">KVKE besz\u00e1mol\u00f3 2020<\/a><\/p>\n<p><a href=\"http:\/\/www.kvke.hu\/wp-content\/uploads\/KVKE_beszamolo2021.pdf\">KVKE besz\u00e1mol\u00f3 2021<\/a><\/p>\n<p><a href=\"http:\/\/www.kvke.hu\/wp-content\/uploads\/KVKE-Beszamolo-2022.pdf\">KVKE besz\u00e1mol\u00f3 2022<\/a><\/p>\n<p><a href=\"http:\/\/www.kvke.hu\/wp-content\/uploads\/KVKE-beszamolo-2023.pdf\">KVKE besz\u00e1mol\u00f3 2023<\/a><\/p>\n<p><a href=\"http:\/\/www.kvke.hu\/wp-content\/uploads\/KVKE-beszamolo-2024.pdf\">KVKE besz\u00e1mol\u00f3 2024<\/a><\/p>\n<p>(www.birosag.hu)<\/p>\n","protected":false},"excerpt":{"rendered":"<p>KVKE besz\u00e1mol\u00f3 2015 KVKE besz\u00e1mol\u00f3 2016 KVKE besz\u00e1mol\u00f3 2017 KVKE besz\u00e1mol\u00f3 2018 KVKE besz\u00e1mol\u00f3 2019 KVKE besz\u00e1mol\u00f3 2020 KVKE besz\u00e1mol\u00f3 2021 KVKE besz\u00e1mol\u00f3 2022 KVKE besz\u00e1mol\u00f3 2023 KVKE besz\u00e1mol\u00f3 2024 (www.birosag.hu)<\/p>\n","protected":false},"author":1,"featured_media":0,"parent":0,"menu_order":0,"comment_status":"closed","ping_status":"closed","template":"template_leftnav_sidebar.php","meta":{"footnotes":""},"class_list":["post-11205","page","type-page","status-publish","hentry"],"_links":{"self":[{"href":"https:\/\/www.kvke.hu\/index.php?rest_route=\/wp\/v2\/pages\/11205","targetHints":{"allow":["GET"]}}],"collection":[{"href":"https:\/\/www.kvke.hu\/index.php?rest_route=\/wp\/v2\/pages"}],"about":[{"href":"https:\/\/www.kvke.hu\/index.php?rest_route=\/wp\/v2\/types\/page"}],"author":[{"embeddable":true,"href":"https:\/\/www.kvke.hu\/index.php?rest_route=\/wp\/v2\/users\/1"}],"replies":[{"embeddable":true,"href":"https:\/\/www.kvke.hu\/index.php?rest_route=%2Fwp%2Fv2%2Fcomments&post=11205"}],"version-history":[{"count":8,"href":"https:\/\/www.kvke.hu\/index.php?rest_route=\/wp\/v2\/pages\/11205\/revisions"}],"predecessor-version":[{"id":12090,"href":"https:\/\/www.kvke.hu\/index.php?rest_route=\/wp\/v2\/pages\/11205\/revisions\/12090"}],"wp:attachment":[{"href":"https:\/\/www.kvke.hu\/index.php?rest_route=%2Fwp%2Fv2%2Fmedia&parent=11205"}],"curies":[{"name":"wp","href":"https:\/\/api.w.org\/{rel}","templated":true}]}}