{"id":11203,"date":"2017-05-24T14:05:29","date_gmt":"2017-05-24T14:05:29","guid":{"rendered":"http:\/\/www.kvke.hu\/?page_id=11203"},"modified":"2025-07-28T09:51:44","modified_gmt":"2025-07-28T09:51:44","slug":"egyesulet-mukodesehez-kapcsolodo-dokumentumok","status":"publish","type":"page","link":"https:\/\/www.kvke.hu\/?page_id=11203","title":{"rendered":"Egyes\u00fclet m\u0171k\u00f6d\u00e9s\u00e9hez kapcsol\u00f3d\u00f3 dokumentumok"},"content":{"rendered":"<p><a href=\"http:\/\/www.kvke.hu\/wp-content\/uploads\/KVKE-alapszabaly_20240905.pdf\">Alapszab\u00e1ly &#8211; Kopp\u00e1nyv\u00f6lgyi Vid\u00e9kfejleszt\u00e9si K\u00f6zhaszn\u00fa Egyes\u00fclet 2024. szeptember 5.<\/a><\/p>\n<p><a href=\"http:\/\/www.kvke.hu\/wp-content\/uploads\/Tagfelveteli-Kerelem-KVKE.pdf\">Tagfelv\u00e9teli K\u00e9relem &#8211; Kopp\u00e1nyv\u00f6lgyi Vid\u00e9kfejleszt\u00e9si K\u00f6zhaszn\u00fa Egyes\u00fclet<\/a><\/p>\n<p><a href=\"http:\/\/www.kvke.hu\/wp-content\/uploads\/Ajanlas-a-tagsagba-torteno-felvetelhez.pdf\">Aj\u00e1nl\u00e1s Egyes\u00fcleti tags\u00e1gba t\u00f6rt\u00e9n\u0151 felv\u00e9telhez &#8211; Kopp\u00e1nyv\u00f6lgyi Vid\u00e9kfejleszt\u00e9si K\u00f6zhaszn\u00fa Egyes\u00fclet<\/a><\/p>\n<p>(Tagfelv\u00e9teli k\u00e9relem kit\u00f6lt\u00e9s\u00e9vel \u00e9s k\u00e9t egyes\u00fcleti tagunk t\u00e1mogat\u00e1s\u00e1val kell ig\u00e9nyelni a tagfelv\u00e9telt.)<\/p>\n<p>&nbsp;<\/p>\n<p>A Kopp\u00e1nyv\u00f6lgyi Vid\u00e9kfejleszt\u00e9si K\u00f6zhaszn\u00fa Egyes\u00fclet vezet\u0151 tiszts\u00e9gvisel\u0151i az al\u00e1bbi tagszervezetek, hivatalos k\u00e9pvisel\u0151ik \u00e1ltal k\u00e9pviselve (2024. szeptember 5.):<\/p>\n<p><strong>Eln\u00f6k:<\/strong><\/p>\n<p>Gelencs\u00e9r G\u00e9za, a V\u00f6lgy Hangja Fejleszt\u00e9si T\u00e1rsas\u00e1g K\u00f6zhaszn\u00fa Egyes\u00fclet k\u00e9pviselet\u00e9ben (civil szf\u00e9ra)<\/p>\n<p><strong>Aleln\u00f6k\u00f6k:<\/strong><\/p>\n<p>Ifj. Varga Gy\u00f6rgy, T\u00f6r\u00f6kkopp\u00e1ny K\u00f6zs\u00e9g \u00d6nkorm\u00e1nyzat\u00e1nak k\u00e9pviselet\u00e9ben (k\u00f6zszf\u00e9ra)<\/p>\n<p>Hajd\u00fa Zolt\u00e1n Levente, a Sz\u00f3l\u00e1di Reform\u00e1tus Egyh\u00e1zk\u00f6zs\u00e9g k\u00e9pviselet\u00e9ben (civil szf\u00e9ra)<\/p>\n<p><strong>Eln\u00f6ks\u00e9gi tagok:<\/strong><\/p>\n<p>dr. Gutman L\u00e1szl\u00f3, a Gutman Pince Kft. k\u00e9pviselet\u00e9ben (v\u00e1llalkoz\u00f3i szf\u00e9ra)<\/p>\n<p>Pongr\u00e1czn\u00e9 Szinek Ang\u00e9la, Somogyd\u00f6r\u00f6cske K\u00f6zs\u00e9g \u00d6nkorm\u00e1nyzat\u00e1nak k\u00e9pviselet\u00e9ben (k\u00f6zszf\u00e9ra)<\/p>\n<p>Tiborcz D\u00e1niel, a Tab \u00e9s k\u00f6rny\u00e9ke Evang\u00e9likus Egyh\u00e1zk\u00f6zs\u00e9g k\u00e9pviselet\u00e9ben (civil szf\u00e9ra)<\/p>\n<p>Kiss Nikoletta, a GB Project Kft. k\u00e9pviselet\u00e9ben (v\u00e1llalkoz\u00f3i szf\u00e9ra)<\/p>\n<p><strong>FB Eln\u00f6k:<\/strong><\/p>\n<p>Kuruczn\u00e9 Forr\u00f3 Katalin, T\u00f6r\u00f6kkopp\u00e1ny K\u00f6zs\u00e9g\u00e9rt K\u00f6zalap\u00edtv\u00e1ny k\u00e9pviselet\u00e9ben (civil szf\u00e9ra)<\/p>\n<p><strong>FB tagok:<\/strong><\/p>\n<p>L\u00e9ner Ferenc, K\u00e1nya K\u00f6zs\u00e9g \u00d6nkorm\u00e1nyzat\u00e1nak k\u00e9pviselet\u00e9ben (k\u00f6zszf\u00e9ra)<\/p>\n<p>Korompay Zolt\u00e1n S\u00e1ndor, a Geo Concept Kft. k\u00e9pviselet\u00e9ben (v\u00e1llalkoz\u00f3i szf\u00e9ra)<\/p>\n","protected":false},"excerpt":{"rendered":"<p>Alapszab\u00e1ly &#8211; Kopp\u00e1nyv\u00f6lgyi Vid\u00e9kfejleszt\u00e9si K\u00f6zhaszn\u00fa Egyes\u00fclet 2024. szeptember 5. Tagfelv\u00e9teli K\u00e9relem &#8211; Kopp\u00e1nyv\u00f6lgyi Vid\u00e9kfejleszt\u00e9si K\u00f6zhaszn\u00fa Egyes\u00fclet Aj\u00e1nl\u00e1s Egyes\u00fcleti tags\u00e1gba t\u00f6rt\u00e9n\u0151 felv\u00e9telhez &#8211; Kopp\u00e1nyv\u00f6lgyi Vid\u00e9kfejleszt\u00e9si K\u00f6zhaszn\u00fa Egyes\u00fclet (Tagfelv\u00e9teli k\u00e9relem kit\u00f6lt\u00e9s\u00e9vel \u00e9s k\u00e9t egyes\u00fcleti tagunk t\u00e1mogat\u00e1s\u00e1val kell ig\u00e9nyelni a tagfelv\u00e9telt.) &nbsp; A Kopp\u00e1nyv\u00f6lgyi Vid\u00e9kfejleszt\u00e9si K\u00f6zhaszn\u00fa Egyes\u00fclet vezet\u0151 tiszts\u00e9gvisel\u0151i az al\u00e1bbi tagszervezetek, hivatalos k\u00e9pvisel\u0151ik \u00e1ltal k\u00e9pviselve (2024. szeptember&#8230;<\/p>\n","protected":false},"author":1,"featured_media":0,"parent":0,"menu_order":0,"comment_status":"closed","ping_status":"closed","template":"template_leftnav_sidebar.php","meta":{"footnotes":""},"class_list":["post-11203","page","type-page","status-publish","hentry"],"_links":{"self":[{"href":"https:\/\/www.kvke.hu\/index.php?rest_route=\/wp\/v2\/pages\/11203","targetHints":{"allow":["GET"]}}],"collection":[{"href":"https:\/\/www.kvke.hu\/index.php?rest_route=\/wp\/v2\/pages"}],"about":[{"href":"https:\/\/www.kvke.hu\/index.php?rest_route=\/wp\/v2\/types\/page"}],"author":[{"embeddable":true,"href":"https:\/\/www.kvke.hu\/index.php?rest_route=\/wp\/v2\/users\/1"}],"replies":[{"embeddable":true,"href":"https:\/\/www.kvke.hu\/index.php?rest_route=%2Fwp%2Fv2%2Fcomments&post=11203"}],"version-history":[{"count":16,"href":"https:\/\/www.kvke.hu\/index.php?rest_route=\/wp\/v2\/pages\/11203\/revisions"}],"predecessor-version":[{"id":12087,"href":"https:\/\/www.kvke.hu\/index.php?rest_route=\/wp\/v2\/pages\/11203\/revisions\/12087"}],"wp:attachment":[{"href":"https:\/\/www.kvke.hu\/index.php?rest_route=%2Fwp%2Fv2%2Fmedia&parent=11203"}],"curies":[{"name":"wp","href":"https:\/\/api.w.org\/{rel}","templated":true}]}}