{"id":11116,"date":"2017-05-23T10:12:29","date_gmt":"2017-05-23T10:12:29","guid":{"rendered":"http:\/\/www.kvke.hu\/?page_id=11116"},"modified":"2023-01-23T17:07:39","modified_gmt":"2023-01-23T17:07:39","slug":"rolunk","status":"publish","type":"page","link":"https:\/\/www.kvke.hu\/?page_id=11116","title":{"rendered":"Bemutatkoz\u00e1s"},"content":{"rendered":"<p>&nbsp;<\/p>\n<h3><strong>Kopp\u00e1nyv\u00f6lgye Helyi Akci\u00f3csoport bemutat\u00e1sa<\/strong><\/h3>\n<p>A Kopp\u00e1nyv\u00f6lgye Helyi K\u00f6z\u00f6ss\u00e9g 2007. szeptember\u00e9ben kett\u0151, a LEADER+ Programban nyertes akci\u00f3csoport \u00f6sszefog\u00e1s\u00e1val j\u00f6tt l\u00e9tre (Balatonf\u00f6ldv\u00e1ri ACS, Kopp\u00e1nyv\u00f6lgyi ACS ) a Kopp\u00e1nyv\u00f6lgyi Akci\u00f3csoport Gesztor Szervezet\u00e9nek, a V\u00f6lgy Hangja Fejleszt\u00e9si T\u00e1rsas\u00e1g K\u00f6zhaszn\u00fa Egyes\u00fcletnek a kezdem\u00e9nyez\u00e9s\u00e9re. A k\u00e9t akci\u00f3csoport ter\u00fclete 28 telep\u00fcl\u00e9st foglalt mag\u00e1ba, amelyhez tov\u00e1bbi 28 telep\u00fcl\u00e9s csatlakozott. Az akci\u00f3csoport \u00edgy a 2007-2013 k\u00f6z\u00f6tti tervez\u00e9si id\u0151szakban 56 telep\u00fcl\u00e9st fogott \u00f6ssze a D\u00e9l-Dun\u00e1nt\u00fal K\u00fcls\u0151-Somogyi r\u00e9sz\u00e9n, a Balaton d\u00e9li partj\u00e1t\u00f3l majdnem Kaposv\u00e1rig terjed\u0151 dombvid\u00e9ken, 47.116 lakossal, 1160 m2-en. Kiterjedt az akkori teljes Balatonf\u00f6ldv\u00e1ri-, Si\u00f3foki- \u00e9s Tabi Kist\u00e9rs\u00e9gre, valamint nyolc telep\u00fcl\u00e9sre a Kaposv\u00e1ri \u00e9s kett\u0151re a Tam\u00e1si kist\u00e9rs\u00e9gb\u0151l. Az akci\u00f3csoport ter\u00fclete a 2014-2020 k\u00f6z\u00f6tti tervez\u00e9si id\u0151szakban a k\u00f6zponti el\u0151\u00edr\u00e1sokat k\u00f6vetve m\u00f3dosult. Jelenleg lefedi a teljes Si\u00f3foki (Si\u00f3fok v\u00e1ros kiv\u00e9tel\u00e9vel) \u00e9s Tabi j\u00e1r\u00e1st, valamint k\u00e9t telep\u00fcl\u00e9st a Tam\u00e1si j\u00e1r\u00e1sb\u00f3l. Ez \u00f6sszesen 49 telep\u00fcl\u00e9st jelent 1012,09 km2-en, 39.968 lakossal.<\/p>\n<p>Az akci\u00f3csoport ter\u00fclete h\u00e1rom, szinte p\u00e1rhuzamos, nyugat \u2013 keleti ir\u00e1ny\u00fa v\u00edzfoly\u00e1s, a Jaba, a Kis-Kopp\u00e1ny \u00e9s a Nagy-Kopp\u00e1ny patakok v\u00f6lgyeit foglalja mag\u00e1ban. A ter\u00fclet\u00e9nek eg\u00e9sze a K\u00fcls\u0151-Somogyra jellemz\u0151, l\u00f6szre \u00e9p\u00fcl\u0151 dombvid\u00e9k, a hazai \u00e1tlagn\u00e1l magasabb erd\u0151bor\u00edtotts\u00e1ggal \u00e9s alacsonyabb term\u0151k\u00e9pess\u00e9g\u0171 mez\u0151gazdas\u00e1gi ter\u00fcletekkel. Telep\u00fcl\u00e9sszerkezete apr\u00f3falvas jelleg\u0171, a t\u00e9rs\u00e9g term\u00e9szeti t\u0151k\u00e9ben, \u00e9ppen az elmaradotts\u00e1gnak\u00a0 k\u00f6sz\u00f6nhet\u0151en viszonylag gazdag. Term\u00e9szeti t\u0151k\u00e9j\u00e9nek meghat\u00e1roz\u00f3, k\u00fcl\u00f6nleges eleme a Balatonnak a ter\u00fclet \u00e9szaki hat\u00e1r\u00e1t jelent\u0151 Balatonvil\u00e1gos \u00e9s Balatonszemes k\u00f6z\u00f6tti szakasza \u00e9s a ter\u00fclet d\u00e9li hat\u00e1r\u00e1t jelent\u0151\u00a0 Kopp\u00e1nyv\u00f6lgy Nat\u00farpark \u00e1ltal lefedett, 3 jelent\u0151s NATURA 2000 \u00e9l\u0151helyet is mag\u00e1ban foglal\u00f3 t\u00e9rs\u00e9g, amely egyben a legszeg\u00e9nyebb, legelmaradottabb telep\u00fcl\u00e9seket fogja \u00f6ssze.<\/p>\n<p>A t\u00e9rs\u00e9g kultur\u00e1lis \u00f6r\u00f6ks\u00e9ge tekintet\u00e9ben a Balatonhoz, a sz\u00e1nt\u00f3di r\u00e9vhez, a sz\u00e1nt\u00f3dpusztai majors\u00e1gi m\u0171eml\u00e9kegy\u00fctteshez, a balatonendr\u00e9di csipk\u00e9hez, Kopp\u00e1ny vez\u00e9r egykori sz\u00e1ll\u00e1svid\u00e9k\u00e9hez \u00e9s T\u00f6r\u00f6kkopp\u00e1ny t\u00f6r\u00f6k h\u00f3dolts\u00e1g-kori m\u00faltj\u00e1hoz kapcsol\u00f3d\u00f3 \u00e9rt\u00e9kek, a Kopp\u00e1nyv\u00f6lgy folkl\u00f3rja, archaikus h\u00edmz\u00e9sei, valamint n\u00e9h\u00e1ny f\u00f6ldv\u00e1r maradv\u00e1nyai emelkednek ki. A lokalit\u00e1son t\u00falmutat\u00f3 adotts\u00e1gk\u00e9nt els\u0151sorban a Balaton mint term\u00e9szeti, kult\u00fart\u00f6rt\u00e9neti \u00e9rt\u00e9k \u00e9s hagyom\u00e1nyos belf\u00f6ldi \u00e9s a k\u00fclf\u00f6ldiek \u00e1ltal is j\u00f3l ismert turisztikai desztin\u00e1ci\u00f3 eml\u00edtend\u0151 meg. A h\u00e1tt\u00e9rtelep\u00fcl\u00e9sek elmaradotts\u00e1gnak k\u00f6sz\u00f6nhet\u0151en gazdagabb term\u00e9szeti \u00e9s n\u00e9pi kultur\u00e1lis \u00f6r\u00f6ks\u00e9g\u00e9t a Kopp\u00e1nyv\u00f6lgy Nat\u00farpark k\u00edv\u00e1nja meg\u0151rizni \u00e9s bemutatni.<\/p>\n<p>A t\u00e9rs\u00e9g gazdas\u00e1g\u00e1nak k\u00e9t meghat\u00e1roz\u00f3 szektora a mez\u0151gazdas\u00e1g \u00e9s a turizmus. Az agr\u00e1riumra a nagy\u00fczemi, intenz\u00edv n\u00f6v\u00e9nytermeszt\u00e9s dominanci\u00e1ja jellemz\u0151, ami f\u0151k\u00e9nt a h\u00e1tr\u00e1nyos helyzet\u0171 telep\u00fcl\u00e9seken a k\u00e1ros extern\u00e1li\u00e1k miatt (helyi foglalkoztat\u00e1si hat\u00e1sa minim\u00e1lis, elnyomja a kisebb gazd\u00e1lkod\u00f3kat, nem k\u00e9pes r\u00f6vid ell\u00e1t\u00e1si l\u00e1ncokat gener\u00e1lni, vagy abban r\u00e9szt venni stb.) gyors\u00edtja a telep\u00fcl\u00e9sek sorvad\u00e1s\u00e1t. A birtokszerkezetre jellemz\u0151, hogy a ter\u00fcletek 80-90%-\u00e1t ilyen nagyobb \u00fczemm\u00e9ret\u0171 (600 \u2013 5000 ha) gazd\u00e1lkod\u00f3k haszn\u00e1lj\u00e1k, akik rendszerint nem is \u00e9lnek (fogyasztanak) a t\u00e9rs\u00e9gben. Telep\u00fcl\u00e9senk\u00e9nt \u00e1tlagosan 1-2 \u00fan. csal\u00e1di gazd\u00e1lkod\u00f3 m\u0171k\u00f6dik, jellemz\u0151en 50 \u2013 150 ha k\u00f6z\u00f6tti \u00fczemm\u00e9rettel \u00e9s sajn\u00e1latos m\u00f3don a nagyobb gazdas\u00e1gokkal egyez\u0151 profillal. Az egykori kert\u00e9szeti \u00e1gazatok (sz\u0151l\u0151, gy\u00fcm\u00f6lcs) m\u00e9g m\u0171k\u00f6d\u0151 maradv\u00e1nyai \u00e9s az \u00fajabb \u00fcltetv\u00e9nyi kult\u00far\u00e1k (bodza, homokt\u00f6vis, levendula, stb.) is f\u0151k\u00e9nt a parti s\u00e1vban tal\u00e1lhat\u00f3ak. Sajn\u00e1latos k\u00f6r\u00fclm\u00e9ny az is, hogy az agr\u00e1rium t\u00f6bbnyire t\u0151zsdei term\u00e9keket (gabonaf\u00e9l\u00e9k, kukorica, napraforg\u00f3, repce) \u00e1ll\u00edt el\u0151, amelyek feldolgoz\u00e1s n\u00e9lk\u00fcl hagyj\u00e1k el a t\u00e9rs\u00e9get. Ennek megfelel\u0151en a t\u00e9rs\u00e9gben nagyon kev\u00e9s helyi \u00e9lelmiszer term\u00e9k tal\u00e1lhat\u00f3 jelenleg, r\u00e1ad\u00e1sul az egykor vir\u00e1gz\u00f3 h\u00e1zt\u00e1ji gazd\u00e1lkod\u00e1s is teljesen elsorvadt, a kerteket kevesen m\u0171velik. Az idegenforgalom egyik kiemelked\u0151 vonzereje a Balaton, amely azonban egy sz\u0171k, 2-2,5 h\u00f3napos szezonra korl\u00e1toz\u00f3dik. A szezont kihaszn\u00e1l\u00f3 v\u00e1llalkoz\u00e1sokra is egyre ink\u00e1bb jellemz\u0151, hogy kevesebb a helyi, csal\u00e1di jelleg\u0171 v\u00e1llalkoz\u00e1s, a professzion\u00e1lis sz\u00e1ll\u00e1shelyek \u00e9s vend\u00e9gl\u00e1t\u00f3helyek ink\u00e1bb a k\u00fcls\u0151 befektet\u0151k kez\u00e9ben vannak.<\/p>\n","protected":false},"excerpt":{"rendered":"<p>&nbsp; Kopp\u00e1nyv\u00f6lgye Helyi Akci\u00f3csoport bemutat\u00e1sa A Kopp\u00e1nyv\u00f6lgye Helyi K\u00f6z\u00f6ss\u00e9g 2007. szeptember\u00e9ben kett\u0151, a LEADER+ Programban nyertes akci\u00f3csoport \u00f6sszefog\u00e1s\u00e1val j\u00f6tt l\u00e9tre (Balatonf\u00f6ldv\u00e1ri ACS, Kopp\u00e1nyv\u00f6lgyi ACS ) a Kopp\u00e1nyv\u00f6lgyi Akci\u00f3csoport Gesztor Szervezet\u00e9nek, a V\u00f6lgy Hangja Fejleszt\u00e9si T\u00e1rsas\u00e1g K\u00f6zhaszn\u00fa Egyes\u00fcletnek a kezdem\u00e9nyez\u00e9s\u00e9re. A k\u00e9t akci\u00f3csoport ter\u00fclete 28 telep\u00fcl\u00e9st foglalt mag\u00e1ba, amelyhez tov\u00e1bbi 28 telep\u00fcl\u00e9s csatlakozott. Az akci\u00f3csoport \u00edgy&#8230;<\/p>\n","protected":false},"author":1,"featured_media":0,"parent":0,"menu_order":0,"comment_status":"closed","ping_status":"closed","template":"template_leftnav_sidebar.php","meta":{"footnotes":""},"class_list":["post-11116","page","type-page","status-publish","hentry"],"_links":{"self":[{"href":"https:\/\/www.kvke.hu\/index.php?rest_route=\/wp\/v2\/pages\/11116","targetHints":{"allow":["GET"]}}],"collection":[{"href":"https:\/\/www.kvke.hu\/index.php?rest_route=\/wp\/v2\/pages"}],"about":[{"href":"https:\/\/www.kvke.hu\/index.php?rest_route=\/wp\/v2\/types\/page"}],"author":[{"embeddable":true,"href":"https:\/\/www.kvke.hu\/index.php?rest_route=\/wp\/v2\/users\/1"}],"replies":[{"embeddable":true,"href":"https:\/\/www.kvke.hu\/index.php?rest_route=%2Fwp%2Fv2%2Fcomments&post=11116"}],"version-history":[{"count":21,"href":"https:\/\/www.kvke.hu\/index.php?rest_route=\/wp\/v2\/pages\/11116\/revisions"}],"predecessor-version":[{"id":11995,"href":"https:\/\/www.kvke.hu\/index.php?rest_route=\/wp\/v2\/pages\/11116\/revisions\/11995"}],"wp:attachment":[{"href":"https:\/\/www.kvke.hu\/index.php?rest_route=%2Fwp%2Fv2%2Fmedia&parent=11116"}],"curies":[{"name":"wp","href":"https:\/\/api.w.org\/{rel}","templated":true}]}}